{"id":482,"date":"2024-01-10T14:17:43","date_gmt":"2024-01-10T14:17:43","guid":{"rendered":"https:\/\/www.zzlogistics.eu\/?page_id=482"},"modified":"2024-01-23T14:54:55","modified_gmt":"2024-01-23T14:54:55","slug":"privacy-policy","status":"publish","type":"page","link":"https:\/\/www.zzlogistics.eu\/de\/privacy-policy\/","title":{"rendered":"Datenschutz"},"content":{"rendered":"<div data-elementor-type=\"wp-page\" data-elementor-id=\"482\" class=\"elementor elementor-482\" data-elementor-post-type=\"page\">\n\t\t\t\t<div class=\"elementor-element elementor-element-8598832 e-flex e-con-boxed e-con e-parent\" data-id=\"8598832\" data-element_type=\"container\" data-e-type=\"container\" data-settings=\"{&quot;background_background&quot;:&quot;classic&quot;}\">\n\t\t\t\t\t<div class=\"e-con-inner\">\n\t\t<div class=\"elementor-element elementor-element-04db06c e-flex e-con-boxed e-con e-child\" data-id=\"04db06c\" data-element_type=\"container\" data-e-type=\"container\">\n\t\t\t\t\t<div class=\"e-con-inner\">\n\t\t\t\t<div class=\"elementor-element elementor-element-3078ea2 elementor-widget elementor-widget-heading\" data-id=\"3078ea2\" data-element_type=\"widget\" data-e-type=\"widget\" data-widget_type=\"heading.default\">\n\t\t\t\t<div class=\"elementor-widget-container\">\n\t\t\t\t\t<h2 class=\"elementor-heading-title elementor-size-default\">Datenschutz<\/h2>\t\t\t\t<\/div>\n\t\t\t\t<\/div>\n\t\t\t\t\t<\/div>\n\t\t\t\t<\/div>\n\t\t\t\t<div class=\"elementor-element elementor-element-99f12cc elementor-widget-divider--view-line elementor-widget elementor-widget-divider\" data-id=\"99f12cc\" data-element_type=\"widget\" data-e-type=\"widget\" data-widget_type=\"divider.default\">\n\t\t\t\t<div class=\"elementor-widget-container\">\n\t\t\t\t\t\t\t<div class=\"elementor-divider\">\n\t\t\t<span class=\"elementor-divider-separator\">\n\t\t\t\t\t\t<\/span>\n\t\t<\/div>\n\t\t\t\t\t\t<\/div>\n\t\t\t\t<\/div>\n\t\t\t\t<div class=\"elementor-element elementor-element-0939841 elementor-widget elementor-widget-text-editor\" data-id=\"0939841\" data-element_type=\"widget\" data-e-type=\"widget\" data-widget_type=\"text-editor.default\">\n\t\t\t\t<div class=\"elementor-widget-container\">\n\t\t\t\t\t\t\t\t\t<p><strong>Wer sind wir?<\/strong><\/p>\n<p>Website: https:\/\/www.zzlogistics.eu\/<br>Kontakt: dispo@zzlogistics.eu, +36 20 435 5337&nbsp;<\/p>\n<p><strong>Welche pers\u00f6nlichen Daten sammeln wir und zu welchem Zweck sammeln wir sie?<\/strong><br>Die \u00fcber das Kontaktformular auf der Homepage\/Kontaktseite zwecks Kommunikation gesammelten Daten umfassen: Name, E-Mail-Adresse.<br>Der Benutzer stimmt zu, dass Z&amp;Z Logistics s.r.o. seinen Namen und seine E-Mail-Adresse zu Kommunikationszwecken bis zur Fertigstellung der Arbeit oder bis zur K\u00fcndigung des Dienstes aufbewahrt. Z&amp;Z Logistics s.r.o. verwendet die Daten nicht f\u00fcr Marketingzwecke.<\/p>\n<p><br><\/p>\n\nCookies:<br>\n<br>\nWie lange speichern wir personenbezogene Daten?<br>\nDie Daten des Kontaktformulars werden sechs Monate lang aufbewahrt, und analytische Aufzeichnungen werden ein Jahr lang aufbewahrt.\n<br><br>\nWelche Rechte hat der Benutzer in Bezug auf seine eigenen Daten?<br>\nJede zuvor bereitgestellte pers\u00f6nliche Daten k\u00f6nnen zur L\u00f6schung angefordert werden. Dies gilt nicht f\u00fcr Daten, die wir aus administrativen, rechtlichen oder Sicherheitsgr\u00fcnden aufbewahren m\u00fcssen.<br><br>\n\nKontaktinformationen\nKontaktm\u00f6glichkeiten: E-Mail und Telefon.\n<br><br>\nWie sch\u00fctzen wir die pers\u00f6nlichen Daten der Benutzer? Die Website verwendet eine SSL-Verschl\u00fcsselung, um die Benutzerdaten zu sichern.\n<br><br>\nIm Falle eines Datenschutzversto\u00dfes bitte benachrichtigen Sie: dispo@zzlogistics.eu\t\t\t\t\t\t\t\t<\/div>\n\t\t\t\t<\/div>\n\t\t\t\t<div class=\"elementor-element elementor-element-ab785bf elementor-widget-divider--view-line elementor-widget elementor-widget-divider\" data-id=\"ab785bf\" data-element_type=\"widget\" data-e-type=\"widget\" data-widget_type=\"divider.default\">\n\t\t\t\t<div class=\"elementor-widget-container\">\n\t\t\t\t\t\t\t<div class=\"elementor-divider\">\n\t\t\t<span class=\"elementor-divider-separator\">\n\t\t\t\t\t\t<\/span>\n\t\t<\/div>\n\t\t\t\t\t\t<\/div>\n\t\t\t\t<\/div>\n\t\t\t\t\t<\/div>\n\t\t\t\t<\/div>\n\t\t\t\t<\/div>","protected":false},"excerpt":{"rendered":"<p>Adatv\u00e9delem Kik vagyunk? Weboldalunk c\u00edme: https:\/\/www.zzlogistics.eu\/El\u00e9rhet\u0151s\u00e9g: dispo@zzlogistics.eu, +36 20 435 5337&nbsp; Melyek azok a szem\u00e9lyes adatok, amiket gy\u0171jt\u00fcnk \u00e9s milyen c\u00e9llal gy\u0171jtj\u00fck ezeket?Az F\u0151oldal\/Kapcsolat oldalon felt\u00fcntetett \u0171rlapon kapcsolattart\u00e1s c\u00e9lj\u00e1b\u00f3l begy\u0171jt\u00e9sre ker\u00fcl\u0151 adatok: n\u00e9v, e-mail c\u00edm.A felhaszn\u00e1l\u00f3 beleegyezik, hogy a Z&amp;Z Logistics s.r.o. kapcsolattart\u00e1s c\u00e9lj\u00e1b\u00f3l nev\u00e9t \u00e9s e-mail c\u00edm\u00e9t a munka lez\u00e1r\u00e1s\u00e1ig vagy a munk\u00e1t\u00f3l val\u00f3 [&hellip;]<\/p>\n","protected":false},"author":1,"featured_media":0,"parent":0,"menu_order":0,"comment_status":"closed","ping_status":"closed","template":"","meta":{"_seopress_robots_primary_cat":"","_seopress_titles_title":"","_seopress_titles_desc":"","_seopress_robots_index":"","footnotes":""},"class_list":["post-482","page","type-page","status-publish","hentry"],"_links":{"self":[{"href":"https:\/\/www.zzlogistics.eu\/de\/wp-json\/wp\/v2\/pages\/482","targetHints":{"allow":["GET"]}}],"collection":[{"href":"https:\/\/www.zzlogistics.eu\/de\/wp-json\/wp\/v2\/pages"}],"about":[{"href":"https:\/\/www.zzlogistics.eu\/de\/wp-json\/wp\/v2\/types\/page"}],"author":[{"embeddable":true,"href":"https:\/\/www.zzlogistics.eu\/de\/wp-json\/wp\/v2\/users\/1"}],"replies":[{"embeddable":true,"href":"https:\/\/www.zzlogistics.eu\/de\/wp-json\/wp\/v2\/comments?post=482"}],"version-history":[{"count":16,"href":"https:\/\/www.zzlogistics.eu\/de\/wp-json\/wp\/v2\/pages\/482\/revisions"}],"predecessor-version":[{"id":1122,"href":"https:\/\/www.zzlogistics.eu\/de\/wp-json\/wp\/v2\/pages\/482\/revisions\/1122"}],"wp:attachment":[{"href":"https:\/\/www.zzlogistics.eu\/de\/wp-json\/wp\/v2\/media?parent=482"}],"curies":[{"name":"wp","href":"https:\/\/api.w.org\/{rel}","templated":true}]}}